{"id":9126,"date":"2025-05-19T13:45:34","date_gmt":"2025-05-19T11:45:34","guid":{"rendered":"https:\/\/sklepz.pl\/zamow\/?post_type=product&#038;p=9126"},"modified":"2026-02-16T12:25:09","modified_gmt":"2026-02-16T11:25:09","slug":"pakiet-100-kredytow","status":"publish","type":"product","link":"https:\/\/sklepz.pl\/zamow\/produkt\/pakiet-100-kredytow\/","title":{"rendered":"Pakiet 100 Kredyt\u00f3w"},"content":{"rendered":"<p><strong>Zyskaj pe\u0142n\u0105 swobod\u0119 dzia\u0142ania dzi\u0119ki Pakietowi 100 Kredyt\u00f3w!<\/strong> Kredyty mo\u017cesz wykorzysta\u0107 w rozwi\u0105zaniach oferowanych w serwisie Sklepz.pl oraz na platformie ConGen7.pl, w szczeg\u00f3lno\u015bci do generowania tre\u015bci i grafik AI.<\/p>\n<h3>Do czego wykorzystasz kredyty?<\/h3>\n<ul>\n<li>generowanie opis\u00f3w produkt\u00f3w, tytu\u0142\u00f3w i tre\u015bci marketingowych,<\/li>\n<li>tworzenie artyku\u0142\u00f3w i d\u0142u\u017cszych tre\u015bci (np. blog),<\/li>\n<li>parafraza i modyfikacja tekst\u00f3w,<\/li>\n<li>generowanie grafik AI na podstawie opisu (text-to-image),<\/li>\n<li>tworzenie obrazu z obrazu (image-to-image),<\/li>\n<li>automatyzacja importu i optymalizacji tre\u015bci.<\/li>\n<\/ul>\n<h3>Jak dzia\u0142a system kredyt\u00f3w?<\/h3>\n<ul>\n<li>Kredyty s\u0105 przypisywane do Twojego konta u\u017cytkownika i stanowi\u0105 <strong>jednostki rozliczeniowe<\/strong> umo\u017cliwiaj\u0105ce korzystanie z funkcji AI.<\/li>\n<li><strong>Szczeg\u00f3\u0142owy koszt ka\u017cdej operacji<\/strong> jest wy\u015bwietlany w panelu przed jej uruchomieniem (np. na przycisku \u201eGeneruj\u201d).<\/li>\n<li>Saldo kredyt\u00f3w widzisz na bie\u017c\u0105co w panelu u\u017cytkownika.<\/li>\n<\/ul>\n<p><strong>Uwaga:<\/strong> Kredyty nie stanowi\u0105 \u015brodk\u00f3w pieni\u0119\u017cnych ani waluty i s\u0142u\u017c\u0105 wy\u0142\u0105cznie do rozliczania wykorzystania funkcji AI.<\/p>\n","protected":false},"excerpt":{"rendered":"<p>Zyskaj pe\u0142n\u0105 swobod\u0119 dzia\u0142ania dzi\u0119ki Pakietowi 100 Kredyt\u00f3w! Kredyty mo\u017cesz wykorzysta\u0107 w rozwi\u0105zaniach oferowanych w serwisie Sklepz.pl oraz na platformie ConGen7.pl, w szczeg\u00f3lno\u015bci do generowania tre\u015bci i grafik AI. Do czego wykorzystasz kredyty? generowanie opis\u00f3w produkt\u00f3w, tytu\u0142\u00f3w i tre\u015bci marketingowych, tworzenie artyku\u0142\u00f3w i d\u0142u\u017cszych tre\u015bci (np. blog), parafraza i modyfikacja tekst\u00f3w, generowanie grafik AI na &hellip; <a href=\"https:\/\/sklepz.pl\/zamow\/produkt\/pakiet-100-kredytow\/\" class=\"more-link\">Continue reading <span class=\"screen-reader-text\">Pakiet 100 Kredyt\u00f3w<\/span><\/a><\/p>\n","protected":false},"featured_media":9201,"template":"","meta":[],"product_cat":[154],"product_tag":[],"class_list":{"0":"post-9126","1":"product","2":"type-product","3":"status-publish","4":"has-post-thumbnail","6":"product_cat-kredyty","9":"instock","10":"shipping-taxable","11":"purchasable","12":"product-type-simple","13":"add-to-wishlist-after_add_to_cart"},"yoast_head":"<!-- This site is optimized with the Yoast SEO plugin v20.8 - https:\/\/yoast.com\/wordpress\/plugins\/seo\/ -->\n<title>Pakiet 100 Kredyt\u00f3w - Sklepz.pl<\/title>\n<meta name=\"robots\" content=\"index, follow, max-snippet:-1, max-image-preview:large, max-video-preview:-1\" \/>\n<link rel=\"canonical\" href=\"https:\/\/sklepz.pl\/zamow\/produkt\/pakiet-100-kredytow\/\" \/>\n<meta property=\"og:locale\" content=\"pl_PL\" \/>\n<meta property=\"og:type\" content=\"article\" \/>\n<meta property=\"og:title\" content=\"Pakiet 100 Kredyt\u00f3w - Sklepz.pl\" \/>\n<meta property=\"og:description\" content=\"Zyskaj pe\u0142n\u0105 swobod\u0119 dzia\u0142ania dzi\u0119ki Pakietowi 100 Kredyt\u00f3w! Kredyty mo\u017cesz wykorzysta\u0107 w rozwi\u0105zaniach oferowanych w serwisie Sklepz.pl oraz na platformie ConGen7.pl, w szczeg\u00f3lno\u015bci do generowania tre\u015bci i grafik AI. Do czego wykorzystasz kredyty? generowanie opis\u00f3w produkt\u00f3w, tytu\u0142\u00f3w i tre\u015bci marketingowych, tworzenie artyku\u0142\u00f3w i d\u0142u\u017cszych tre\u015bci (np. blog), parafraza i modyfikacja tekst\u00f3w, generowanie grafik AI na &hellip; Continue reading Pakiet 100 Kredyt\u00f3w\" \/>\n<meta property=\"og:url\" content=\"https:\/\/sklepz.pl\/zamow\/produkt\/pakiet-100-kredytow\/\" \/>\n<meta property=\"og:site_name\" content=\"Sklepz.pl\" \/>\n<meta property=\"article:modified_time\" content=\"2026-02-16T11:25:09+00:00\" \/>\n<meta property=\"og:image\" content=\"https:\/\/sklepz.pl\/zamow\/wp-content\/uploads\/2025\/05\/pakiet-kredytow.jpg\" \/>\n\t<meta property=\"og:image:width\" content=\"1024\" \/>\n\t<meta property=\"og:image:height\" content=\"1024\" \/>\n\t<meta property=\"og:image:type\" content=\"image\/jpeg\" \/>\n<meta name=\"twitter:card\" content=\"summary_large_image\" \/>\n<meta name=\"twitter:label1\" content=\"Szacowany czas czytania\" \/>\n\t<meta name=\"twitter:data1\" content=\"1 minuta\" \/>\n<script type=\"application\/ld+json\" class=\"yoast-schema-graph\">{\"@context\":\"https:\/\/schema.org\",\"@graph\":[{\"@type\":\"WebPage\",\"@id\":\"https:\/\/sklepz.pl\/zamow\/produkt\/pakiet-100-kredytow\/\",\"url\":\"https:\/\/sklepz.pl\/zamow\/produkt\/pakiet-100-kredytow\/\",\"name\":\"Pakiet 100 Kredyt\u00f3w - Sklepz.pl\",\"isPartOf\":{\"@id\":\"https:\/\/sklepz.pl\/zamow\/#website\"},\"datePublished\":\"2025-05-19T11:45:34+00:00\",\"dateModified\":\"2026-02-16T11:25:09+00:00\",\"breadcrumb\":{\"@id\":\"https:\/\/sklepz.pl\/zamow\/produkt\/pakiet-100-kredytow\/#breadcrumb\"},\"inLanguage\":\"pl-PL\",\"potentialAction\":[{\"@type\":\"ReadAction\",\"target\":[\"https:\/\/sklepz.pl\/zamow\/produkt\/pakiet-100-kredytow\/\"]}]},{\"@type\":\"BreadcrumbList\",\"@id\":\"https:\/\/sklepz.pl\/zamow\/produkt\/pakiet-100-kredytow\/#breadcrumb\",\"itemListElement\":[{\"@type\":\"ListItem\",\"position\":1,\"name\":\"Strona g\u0142\u00f3wna\",\"item\":\"https:\/\/sklepz.pl\/zamow\/\"},{\"@type\":\"ListItem\",\"position\":2,\"name\":\"Sklep\",\"item\":\"https:\/\/sklepz.pl\/zamow\/sklep\/\"},{\"@type\":\"ListItem\",\"position\":3,\"name\":\"Pakiet 100 Kredyt\u00f3w\"}]},{\"@type\":\"WebSite\",\"@id\":\"https:\/\/sklepz.pl\/zamow\/#website\",\"url\":\"https:\/\/sklepz.pl\/zamow\/\",\"name\":\"Sklepz.pl\",\"description\":\"\",\"potentialAction\":[{\"@type\":\"SearchAction\",\"target\":{\"@type\":\"EntryPoint\",\"urlTemplate\":\"https:\/\/sklepz.pl\/zamow\/?s={search_term_string}\"},\"query-input\":\"required name=search_term_string\"}],\"inLanguage\":\"pl-PL\"}]}<\/script>\n<!-- \/ Yoast SEO plugin. -->","yoast_head_json":{"title":"Pakiet 100 Kredyt\u00f3w - Sklepz.pl","robots":{"index":"index","follow":"follow","max-snippet":"max-snippet:-1","max-image-preview":"max-image-preview:large","max-video-preview":"max-video-preview:-1"},"canonical":"https:\/\/sklepz.pl\/zamow\/produkt\/pakiet-100-kredytow\/","og_locale":"pl_PL","og_type":"article","og_title":"Pakiet 100 Kredyt\u00f3w - Sklepz.pl","og_description":"Zyskaj pe\u0142n\u0105 swobod\u0119 dzia\u0142ania dzi\u0119ki Pakietowi 100 Kredyt\u00f3w! Kredyty mo\u017cesz wykorzysta\u0107 w rozwi\u0105zaniach oferowanych w serwisie Sklepz.pl oraz na platformie ConGen7.pl, w szczeg\u00f3lno\u015bci do generowania tre\u015bci i grafik AI. Do czego wykorzystasz kredyty? generowanie opis\u00f3w produkt\u00f3w, tytu\u0142\u00f3w i tre\u015bci marketingowych, tworzenie artyku\u0142\u00f3w i d\u0142u\u017cszych tre\u015bci (np. blog), parafraza i modyfikacja tekst\u00f3w, generowanie grafik AI na &hellip; Continue reading Pakiet 100 Kredyt\u00f3w","og_url":"https:\/\/sklepz.pl\/zamow\/produkt\/pakiet-100-kredytow\/","og_site_name":"Sklepz.pl","article_modified_time":"2026-02-16T11:25:09+00:00","og_image":[{"width":1024,"height":1024,"url":"https:\/\/sklepz.pl\/zamow\/wp-content\/uploads\/2025\/05\/pakiet-kredytow.jpg","type":"image\/jpeg"}],"twitter_card":"summary_large_image","twitter_misc":{"Szacowany czas czytania":"1 minuta"},"schema":{"@context":"https:\/\/schema.org","@graph":[{"@type":"WebPage","@id":"https:\/\/sklepz.pl\/zamow\/produkt\/pakiet-100-kredytow\/","url":"https:\/\/sklepz.pl\/zamow\/produkt\/pakiet-100-kredytow\/","name":"Pakiet 100 Kredyt\u00f3w - Sklepz.pl","isPartOf":{"@id":"https:\/\/sklepz.pl\/zamow\/#website"},"datePublished":"2025-05-19T11:45:34+00:00","dateModified":"2026-02-16T11:25:09+00:00","breadcrumb":{"@id":"https:\/\/sklepz.pl\/zamow\/produkt\/pakiet-100-kredytow\/#breadcrumb"},"inLanguage":"pl-PL","potentialAction":[{"@type":"ReadAction","target":["https:\/\/sklepz.pl\/zamow\/produkt\/pakiet-100-kredytow\/"]}]},{"@type":"BreadcrumbList","@id":"https:\/\/sklepz.pl\/zamow\/produkt\/pakiet-100-kredytow\/#breadcrumb","itemListElement":[{"@type":"ListItem","position":1,"name":"Strona g\u0142\u00f3wna","item":"https:\/\/sklepz.pl\/zamow\/"},{"@type":"ListItem","position":2,"name":"Sklep","item":"https:\/\/sklepz.pl\/zamow\/sklep\/"},{"@type":"ListItem","position":3,"name":"Pakiet 100 Kredyt\u00f3w"}]},{"@type":"WebSite","@id":"https:\/\/sklepz.pl\/zamow\/#website","url":"https:\/\/sklepz.pl\/zamow\/","name":"Sklepz.pl","description":"","potentialAction":[{"@type":"SearchAction","target":{"@type":"EntryPoint","urlTemplate":"https:\/\/sklepz.pl\/zamow\/?s={search_term_string}"},"query-input":"required name=search_term_string"}],"inLanguage":"pl-PL"}]}},"_links":{"self":[{"href":"https:\/\/sklepz.pl\/zamow\/wp-json\/wp\/v2\/product\/9126","targetHints":{"allow":["GET"]}}],"collection":[{"href":"https:\/\/sklepz.pl\/zamow\/wp-json\/wp\/v2\/product"}],"about":[{"href":"https:\/\/sklepz.pl\/zamow\/wp-json\/wp\/v2\/types\/product"}],"version-history":[{"count":4,"href":"https:\/\/sklepz.pl\/zamow\/wp-json\/wp\/v2\/product\/9126\/revisions"}],"predecessor-version":[{"id":9399,"href":"https:\/\/sklepz.pl\/zamow\/wp-json\/wp\/v2\/product\/9126\/revisions\/9399"}],"wp:featuredmedia":[{"embeddable":true,"href":"https:\/\/sklepz.pl\/zamow\/wp-json\/wp\/v2\/media\/9201"}],"wp:attachment":[{"href":"https:\/\/sklepz.pl\/zamow\/wp-json\/wp\/v2\/media?parent=9126"}],"wp:term":[{"taxonomy":"product_cat","embeddable":true,"href":"https:\/\/sklepz.pl\/zamow\/wp-json\/wp\/v2\/product_cat?post=9126"},{"taxonomy":"product_tag","embeddable":true,"href":"https:\/\/sklepz.pl\/zamow\/wp-json\/wp\/v2\/product_tag?post=9126"}],"curies":[{"name":"wp","href":"https:\/\/api.w.org\/{rel}","templated":true}]}}