{"id":9124,"date":"2025-05-19T13:45:07","date_gmt":"2025-05-19T11:45:07","guid":{"rendered":"https:\/\/sklepz.pl\/zamow\/?post_type=product&#038;p=9124"},"modified":"2026-02-22T15:03:36","modified_gmt":"2026-02-22T14:03:36","slug":"pakiet-50-kredytow","status":"publish","type":"product","link":"https:\/\/sklepz.pl\/zamow\/produkt\/pakiet-50-kredytow\/","title":{"rendered":"Pakiet 50 Kredyt\u00f3w"},"content":{"rendered":"<p><strong>Pakiet 50 Kredyt\u00f3w<\/strong> to elastyczne rozwi\u0105zanie dla u\u017cytkownik\u00f3w, kt\u00f3rzy regularnie korzystaj\u0105 z funkcji AI w serwisie Sklepz.pl oraz na platformie ConGen7.pl. Idealny wyb\u00f3r przy \u015bredniej aktywno\u015bci \u2013 bez konieczno\u015bci cz\u0119stych do\u0142adowa\u0144 konta.<\/p>\n<h3>Do czego mo\u017cesz wykorzysta\u0107 kredyty?<\/h3>\n<ul>\n<li>generowanie opis\u00f3w produkt\u00f3w i tytu\u0142\u00f3w,<\/li>\n<li>tworzenie artyku\u0142\u00f3w oraz tre\u015bci marketingowych,<\/li>\n<li>parafrazowanie i modyfikacj\u0119 tekst\u00f3w,<\/li>\n<li>generowanie grafik AI (text-to-image),<\/li>\n<li>tworzenie grafiki na podstawie obrazu \u017ar\u00f3d\u0142owego (image-to-image),<\/li>\n<li>automatyczny import i optymalizacj\u0119 tre\u015bci produkt\u00f3w.<\/li>\n<\/ul>\n<h3>Jak dzia\u0142a system kredytowy?<\/h3>\n<ul>\n<li>Kredyty s\u0105 przypisywane do Twojego konta i s\u0142u\u017c\u0105 jako <strong>jednostki rozliczeniowe<\/strong> funkcji AI.<\/li>\n<li><strong>Koszt ka\u017cdej operacji<\/strong> wy\u015bwietlany jest w panelu przed jej uruchomieniem.<\/li>\n<li>Aktualne saldo kredyt\u00f3w dost\u0119pne jest w panelu u\u017cytkownika.<\/li>\n<\/ul>\n<p><strong>Wa\u017cne:<\/strong> Kredyty nie s\u0105 \u015brodkiem p\u0142atniczym ani walut\u0105 \u2013 s\u0142u\u017c\u0105 wy\u0142\u0105cznie do rozliczania korzystania z us\u0142ug AI w ramach Sklepz.pl i ConGen7.pl.<\/p>\n","protected":false},"excerpt":{"rendered":"<p>Pakiet 50 Kredyt\u00f3w to elastyczne rozwi\u0105zanie dla u\u017cytkownik\u00f3w, kt\u00f3rzy regularnie korzystaj\u0105 z funkcji AI w serwisie Sklepz.pl oraz na platformie ConGen7.pl. Idealny wyb\u00f3r przy \u015bredniej aktywno\u015bci \u2013 bez konieczno\u015bci cz\u0119stych do\u0142adowa\u0144 konta. Do czego mo\u017cesz wykorzysta\u0107 kredyty? generowanie opis\u00f3w produkt\u00f3w i tytu\u0142\u00f3w, tworzenie artyku\u0142\u00f3w oraz tre\u015bci marketingowych, parafrazowanie i modyfikacj\u0119 tekst\u00f3w, generowanie grafik AI (text-to-image), &hellip; <a href=\"https:\/\/sklepz.pl\/zamow\/produkt\/pakiet-50-kredytow\/\" class=\"more-link\">Continue reading <span class=\"screen-reader-text\">Pakiet 50 Kredyt\u00f3w<\/span><\/a><\/p>\n","protected":false},"featured_media":9201,"template":"","meta":[],"product_cat":[154],"product_tag":[],"class_list":{"0":"post-9124","1":"product","2":"type-product","3":"status-publish","4":"has-post-thumbnail","6":"product_cat-kredyty","9":"instock","10":"shipping-taxable","11":"purchasable","12":"product-type-simple","13":"add-to-wishlist-after_add_to_cart"},"yoast_head":"<!-- This site is optimized with the Yoast SEO plugin v20.8 - https:\/\/yoast.com\/wordpress\/plugins\/seo\/ -->\n<title>Pakiet 50 Kredyt\u00f3w - Sklepz.pl<\/title>\n<meta name=\"robots\" content=\"index, follow, max-snippet:-1, max-image-preview:large, max-video-preview:-1\" \/>\n<link rel=\"canonical\" href=\"https:\/\/sklepz.pl\/zamow\/produkt\/pakiet-50-kredytow\/\" \/>\n<meta property=\"og:locale\" content=\"pl_PL\" \/>\n<meta property=\"og:type\" content=\"article\" \/>\n<meta property=\"og:title\" content=\"Pakiet 50 Kredyt\u00f3w - Sklepz.pl\" \/>\n<meta property=\"og:description\" content=\"Pakiet 50 Kredyt\u00f3w to elastyczne rozwi\u0105zanie dla u\u017cytkownik\u00f3w, kt\u00f3rzy regularnie korzystaj\u0105 z funkcji AI w serwisie Sklepz.pl oraz na platformie ConGen7.pl. Idealny wyb\u00f3r przy \u015bredniej aktywno\u015bci \u2013 bez konieczno\u015bci cz\u0119stych do\u0142adowa\u0144 konta. Do czego mo\u017cesz wykorzysta\u0107 kredyty? generowanie opis\u00f3w produkt\u00f3w i tytu\u0142\u00f3w, tworzenie artyku\u0142\u00f3w oraz tre\u015bci marketingowych, parafrazowanie i modyfikacj\u0119 tekst\u00f3w, generowanie grafik AI (text-to-image), &hellip; Continue reading Pakiet 50 Kredyt\u00f3w\" \/>\n<meta property=\"og:url\" content=\"https:\/\/sklepz.pl\/zamow\/produkt\/pakiet-50-kredytow\/\" \/>\n<meta property=\"og:site_name\" content=\"Sklepz.pl\" \/>\n<meta property=\"article:modified_time\" content=\"2026-02-22T14:03:36+00:00\" \/>\n<meta property=\"og:image\" content=\"https:\/\/sklepz.pl\/zamow\/wp-content\/uploads\/2025\/05\/pakiet-kredytow.jpg\" \/>\n\t<meta property=\"og:image:width\" content=\"1024\" \/>\n\t<meta property=\"og:image:height\" content=\"1024\" \/>\n\t<meta property=\"og:image:type\" content=\"image\/jpeg\" \/>\n<meta name=\"twitter:card\" content=\"summary_large_image\" \/>\n<meta name=\"twitter:label1\" content=\"Szacowany czas czytania\" \/>\n\t<meta name=\"twitter:data1\" content=\"1 minuta\" \/>\n<script type=\"application\/ld+json\" class=\"yoast-schema-graph\">{\"@context\":\"https:\/\/schema.org\",\"@graph\":[{\"@type\":\"WebPage\",\"@id\":\"https:\/\/sklepz.pl\/zamow\/produkt\/pakiet-50-kredytow\/\",\"url\":\"https:\/\/sklepz.pl\/zamow\/produkt\/pakiet-50-kredytow\/\",\"name\":\"Pakiet 50 Kredyt\u00f3w - Sklepz.pl\",\"isPartOf\":{\"@id\":\"https:\/\/sklepz.pl\/zamow\/#website\"},\"datePublished\":\"2025-05-19T11:45:07+00:00\",\"dateModified\":\"2026-02-22T14:03:36+00:00\",\"breadcrumb\":{\"@id\":\"https:\/\/sklepz.pl\/zamow\/produkt\/pakiet-50-kredytow\/#breadcrumb\"},\"inLanguage\":\"pl-PL\",\"potentialAction\":[{\"@type\":\"ReadAction\",\"target\":[\"https:\/\/sklepz.pl\/zamow\/produkt\/pakiet-50-kredytow\/\"]}]},{\"@type\":\"BreadcrumbList\",\"@id\":\"https:\/\/sklepz.pl\/zamow\/produkt\/pakiet-50-kredytow\/#breadcrumb\",\"itemListElement\":[{\"@type\":\"ListItem\",\"position\":1,\"name\":\"Strona g\u0142\u00f3wna\",\"item\":\"https:\/\/sklepz.pl\/zamow\/\"},{\"@type\":\"ListItem\",\"position\":2,\"name\":\"Sklep\",\"item\":\"https:\/\/sklepz.pl\/zamow\/sklep\/\"},{\"@type\":\"ListItem\",\"position\":3,\"name\":\"Pakiet 50 Kredyt\u00f3w\"}]},{\"@type\":\"WebSite\",\"@id\":\"https:\/\/sklepz.pl\/zamow\/#website\",\"url\":\"https:\/\/sklepz.pl\/zamow\/\",\"name\":\"Sklepz.pl\",\"description\":\"\",\"potentialAction\":[{\"@type\":\"SearchAction\",\"target\":{\"@type\":\"EntryPoint\",\"urlTemplate\":\"https:\/\/sklepz.pl\/zamow\/?s={search_term_string}\"},\"query-input\":\"required name=search_term_string\"}],\"inLanguage\":\"pl-PL\"}]}<\/script>\n<!-- \/ Yoast SEO plugin. -->","yoast_head_json":{"title":"Pakiet 50 Kredyt\u00f3w - Sklepz.pl","robots":{"index":"index","follow":"follow","max-snippet":"max-snippet:-1","max-image-preview":"max-image-preview:large","max-video-preview":"max-video-preview:-1"},"canonical":"https:\/\/sklepz.pl\/zamow\/produkt\/pakiet-50-kredytow\/","og_locale":"pl_PL","og_type":"article","og_title":"Pakiet 50 Kredyt\u00f3w - Sklepz.pl","og_description":"Pakiet 50 Kredyt\u00f3w to elastyczne rozwi\u0105zanie dla u\u017cytkownik\u00f3w, kt\u00f3rzy regularnie korzystaj\u0105 z funkcji AI w serwisie Sklepz.pl oraz na platformie ConGen7.pl. Idealny wyb\u00f3r przy \u015bredniej aktywno\u015bci \u2013 bez konieczno\u015bci cz\u0119stych do\u0142adowa\u0144 konta. Do czego mo\u017cesz wykorzysta\u0107 kredyty? generowanie opis\u00f3w produkt\u00f3w i tytu\u0142\u00f3w, tworzenie artyku\u0142\u00f3w oraz tre\u015bci marketingowych, parafrazowanie i modyfikacj\u0119 tekst\u00f3w, generowanie grafik AI (text-to-image), &hellip; Continue reading Pakiet 50 Kredyt\u00f3w","og_url":"https:\/\/sklepz.pl\/zamow\/produkt\/pakiet-50-kredytow\/","og_site_name":"Sklepz.pl","article_modified_time":"2026-02-22T14:03:36+00:00","og_image":[{"width":1024,"height":1024,"url":"https:\/\/sklepz.pl\/zamow\/wp-content\/uploads\/2025\/05\/pakiet-kredytow.jpg","type":"image\/jpeg"}],"twitter_card":"summary_large_image","twitter_misc":{"Szacowany czas czytania":"1 minuta"},"schema":{"@context":"https:\/\/schema.org","@graph":[{"@type":"WebPage","@id":"https:\/\/sklepz.pl\/zamow\/produkt\/pakiet-50-kredytow\/","url":"https:\/\/sklepz.pl\/zamow\/produkt\/pakiet-50-kredytow\/","name":"Pakiet 50 Kredyt\u00f3w - Sklepz.pl","isPartOf":{"@id":"https:\/\/sklepz.pl\/zamow\/#website"},"datePublished":"2025-05-19T11:45:07+00:00","dateModified":"2026-02-22T14:03:36+00:00","breadcrumb":{"@id":"https:\/\/sklepz.pl\/zamow\/produkt\/pakiet-50-kredytow\/#breadcrumb"},"inLanguage":"pl-PL","potentialAction":[{"@type":"ReadAction","target":["https:\/\/sklepz.pl\/zamow\/produkt\/pakiet-50-kredytow\/"]}]},{"@type":"BreadcrumbList","@id":"https:\/\/sklepz.pl\/zamow\/produkt\/pakiet-50-kredytow\/#breadcrumb","itemListElement":[{"@type":"ListItem","position":1,"name":"Strona g\u0142\u00f3wna","item":"https:\/\/sklepz.pl\/zamow\/"},{"@type":"ListItem","position":2,"name":"Sklep","item":"https:\/\/sklepz.pl\/zamow\/sklep\/"},{"@type":"ListItem","position":3,"name":"Pakiet 50 Kredyt\u00f3w"}]},{"@type":"WebSite","@id":"https:\/\/sklepz.pl\/zamow\/#website","url":"https:\/\/sklepz.pl\/zamow\/","name":"Sklepz.pl","description":"","potentialAction":[{"@type":"SearchAction","target":{"@type":"EntryPoint","urlTemplate":"https:\/\/sklepz.pl\/zamow\/?s={search_term_string}"},"query-input":"required name=search_term_string"}],"inLanguage":"pl-PL"}]}},"_links":{"self":[{"href":"https:\/\/sklepz.pl\/zamow\/wp-json\/wp\/v2\/product\/9124","targetHints":{"allow":["GET"]}}],"collection":[{"href":"https:\/\/sklepz.pl\/zamow\/wp-json\/wp\/v2\/product"}],"about":[{"href":"https:\/\/sklepz.pl\/zamow\/wp-json\/wp\/v2\/types\/product"}],"version-history":[{"count":3,"href":"https:\/\/sklepz.pl\/zamow\/wp-json\/wp\/v2\/product\/9124\/revisions"}],"predecessor-version":[{"id":9400,"href":"https:\/\/sklepz.pl\/zamow\/wp-json\/wp\/v2\/product\/9124\/revisions\/9400"}],"wp:featuredmedia":[{"embeddable":true,"href":"https:\/\/sklepz.pl\/zamow\/wp-json\/wp\/v2\/media\/9201"}],"wp:attachment":[{"href":"https:\/\/sklepz.pl\/zamow\/wp-json\/wp\/v2\/media?parent=9124"}],"wp:term":[{"taxonomy":"product_cat","embeddable":true,"href":"https:\/\/sklepz.pl\/zamow\/wp-json\/wp\/v2\/product_cat?post=9124"},{"taxonomy":"product_tag","embeddable":true,"href":"https:\/\/sklepz.pl\/zamow\/wp-json\/wp\/v2\/product_tag?post=9124"}],"curies":[{"name":"wp","href":"https:\/\/api.w.org\/{rel}","templated":true}]}}