{"id":9116,"date":"2025-05-19T12:57:05","date_gmt":"2025-05-19T10:57:05","guid":{"rendered":"https:\/\/sklepz.pl\/zamow\/?post_type=product&#038;p=9116"},"modified":"2026-02-16T12:27:40","modified_gmt":"2026-02-16T11:27:40","slug":"pakiet-10-kredytow","status":"publish","type":"product","link":"https:\/\/sklepz.pl\/zamow\/produkt\/pakiet-10-kredytow\/","title":{"rendered":"Pakiet 10 Kredyt\u00f3w"},"content":{"rendered":"<p><strong>Pakiet 10 Kredyt\u00f3w<\/strong> to szybki i wygodny spos\u00f3b na rozpocz\u0119cie pracy z funkcjami AI dost\u0119pnymi w Sklepz.pl oraz na platformie ConGen7.pl. Idealny dla os\u00f3b, kt\u00f3re chc\u0105 przetestowa\u0107 mo\u017cliwo\u015bci systemu bez wi\u0119kszego zaanga\u017cowania.<\/p>\n<h3>Co mo\u017cesz zrobi\u0107 z 10 kredytami?<\/h3>\n<ul>\n<li>generowa\u0107 opisy produkt\u00f3w i tytu\u0142y,<\/li>\n<li>tworzy\u0107 kr\u00f3tkie tre\u015bci marketingowe,<\/li>\n<li>parafrazowa\u0107 teksty,<\/li>\n<li>generowa\u0107 grafiki AI (text-to-image),<\/li>\n<li>modyfikowa\u0107 obrazy (image-to-image),<\/li>\n<li>korzysta\u0107 z funkcji automatyzuj\u0105cych obs\u0142ug\u0119 sklepu.<\/li>\n<\/ul>\n<h3>Jak dzia\u0142a rozliczenie?<\/h3>\n<ul>\n<li>Kredyty s\u0105 przypisywane do Twojego konta po zaksi\u0119gowaniu p\u0142atno\u015bci.<\/li>\n<li>Koszt ka\u017cdej operacji wy\u015bwietlany jest w panelu przed jej uruchomieniem.<\/li>\n<li>Zu\u017cycie kredyt\u00f3w nast\u0119puje w momencie rozpocz\u0119cia procesu generowania.<\/li>\n<\/ul>\n<p><strong>Wa\u017cne:<\/strong> Kredyty stanowi\u0105 jednostki rozliczeniowe us\u0142ug AI i mog\u0105 by\u0107 wykorzystywane w rozwi\u0105zaniach oferowanych przez Sklepz.pl oraz na platformie ConGen7.pl.<\/p>\n","protected":false},"excerpt":{"rendered":"<p>Pakiet 10 Kredyt\u00f3w to szybki i wygodny spos\u00f3b na rozpocz\u0119cie pracy z funkcjami AI dost\u0119pnymi w Sklepz.pl oraz na platformie ConGen7.pl. Idealny dla os\u00f3b, kt\u00f3re chc\u0105 przetestowa\u0107 mo\u017cliwo\u015bci systemu bez wi\u0119kszego zaanga\u017cowania. Co mo\u017cesz zrobi\u0107 z 10 kredytami? generowa\u0107 opisy produkt\u00f3w i tytu\u0142y, tworzy\u0107 kr\u00f3tkie tre\u015bci marketingowe, parafrazowa\u0107 teksty, generowa\u0107 grafiki AI (text-to-image), modyfikowa\u0107 obrazy &hellip; <a href=\"https:\/\/sklepz.pl\/zamow\/produkt\/pakiet-10-kredytow\/\" class=\"more-link\">Continue reading <span class=\"screen-reader-text\">Pakiet 10 Kredyt\u00f3w<\/span><\/a><\/p>\n","protected":false},"featured_media":9201,"template":"","meta":[],"product_cat":[154],"product_tag":[],"class_list":{"0":"post-9116","1":"product","2":"type-product","3":"status-publish","4":"has-post-thumbnail","6":"product_cat-kredyty","9":"instock","10":"shipping-taxable","11":"purchasable","12":"product-type-simple","13":"add-to-wishlist-after_add_to_cart"},"yoast_head":"<!-- This site is optimized with the Yoast SEO plugin v20.8 - https:\/\/yoast.com\/wordpress\/plugins\/seo\/ -->\n<title>Pakiet 10 Kredyt\u00f3w - Sklepz.pl<\/title>\n<meta name=\"robots\" content=\"index, follow, max-snippet:-1, max-image-preview:large, max-video-preview:-1\" \/>\n<link rel=\"canonical\" href=\"https:\/\/sklepz.pl\/zamow\/produkt\/pakiet-10-kredytow\/\" \/>\n<meta property=\"og:locale\" content=\"pl_PL\" \/>\n<meta property=\"og:type\" content=\"article\" \/>\n<meta property=\"og:title\" content=\"Pakiet 10 Kredyt\u00f3w - Sklepz.pl\" \/>\n<meta property=\"og:description\" content=\"Pakiet 10 Kredyt\u00f3w to szybki i wygodny spos\u00f3b na rozpocz\u0119cie pracy z funkcjami AI dost\u0119pnymi w Sklepz.pl oraz na platformie ConGen7.pl. Idealny dla os\u00f3b, kt\u00f3re chc\u0105 przetestowa\u0107 mo\u017cliwo\u015bci systemu bez wi\u0119kszego zaanga\u017cowania. Co mo\u017cesz zrobi\u0107 z 10 kredytami? generowa\u0107 opisy produkt\u00f3w i tytu\u0142y, tworzy\u0107 kr\u00f3tkie tre\u015bci marketingowe, parafrazowa\u0107 teksty, generowa\u0107 grafiki AI (text-to-image), modyfikowa\u0107 obrazy &hellip; Continue reading Pakiet 10 Kredyt\u00f3w\" \/>\n<meta property=\"og:url\" content=\"https:\/\/sklepz.pl\/zamow\/produkt\/pakiet-10-kredytow\/\" \/>\n<meta property=\"og:site_name\" content=\"Sklepz.pl\" \/>\n<meta property=\"article:modified_time\" content=\"2026-02-16T11:27:40+00:00\" \/>\n<meta property=\"og:image\" content=\"https:\/\/sklepz.pl\/zamow\/wp-content\/uploads\/2025\/05\/pakiet-kredytow.jpg\" \/>\n\t<meta property=\"og:image:width\" content=\"1024\" \/>\n\t<meta property=\"og:image:height\" content=\"1024\" \/>\n\t<meta property=\"og:image:type\" content=\"image\/jpeg\" \/>\n<meta name=\"twitter:card\" content=\"summary_large_image\" \/>\n<meta name=\"twitter:label1\" content=\"Szacowany czas czytania\" \/>\n\t<meta name=\"twitter:data1\" content=\"1 minuta\" \/>\n<script type=\"application\/ld+json\" class=\"yoast-schema-graph\">{\"@context\":\"https:\/\/schema.org\",\"@graph\":[{\"@type\":\"WebPage\",\"@id\":\"https:\/\/sklepz.pl\/zamow\/produkt\/pakiet-10-kredytow\/\",\"url\":\"https:\/\/sklepz.pl\/zamow\/produkt\/pakiet-10-kredytow\/\",\"name\":\"Pakiet 10 Kredyt\u00f3w - Sklepz.pl\",\"isPartOf\":{\"@id\":\"https:\/\/sklepz.pl\/zamow\/#website\"},\"datePublished\":\"2025-05-19T10:57:05+00:00\",\"dateModified\":\"2026-02-16T11:27:40+00:00\",\"breadcrumb\":{\"@id\":\"https:\/\/sklepz.pl\/zamow\/produkt\/pakiet-10-kredytow\/#breadcrumb\"},\"inLanguage\":\"pl-PL\",\"potentialAction\":[{\"@type\":\"ReadAction\",\"target\":[\"https:\/\/sklepz.pl\/zamow\/produkt\/pakiet-10-kredytow\/\"]}]},{\"@type\":\"BreadcrumbList\",\"@id\":\"https:\/\/sklepz.pl\/zamow\/produkt\/pakiet-10-kredytow\/#breadcrumb\",\"itemListElement\":[{\"@type\":\"ListItem\",\"position\":1,\"name\":\"Strona g\u0142\u00f3wna\",\"item\":\"https:\/\/sklepz.pl\/zamow\/\"},{\"@type\":\"ListItem\",\"position\":2,\"name\":\"Sklep\",\"item\":\"https:\/\/sklepz.pl\/zamow\/sklep\/\"},{\"@type\":\"ListItem\",\"position\":3,\"name\":\"Pakiet 10 Kredyt\u00f3w\"}]},{\"@type\":\"WebSite\",\"@id\":\"https:\/\/sklepz.pl\/zamow\/#website\",\"url\":\"https:\/\/sklepz.pl\/zamow\/\",\"name\":\"Sklepz.pl\",\"description\":\"\",\"potentialAction\":[{\"@type\":\"SearchAction\",\"target\":{\"@type\":\"EntryPoint\",\"urlTemplate\":\"https:\/\/sklepz.pl\/zamow\/?s={search_term_string}\"},\"query-input\":\"required name=search_term_string\"}],\"inLanguage\":\"pl-PL\"}]}<\/script>\n<!-- \/ Yoast SEO plugin. -->","yoast_head_json":{"title":"Pakiet 10 Kredyt\u00f3w - Sklepz.pl","robots":{"index":"index","follow":"follow","max-snippet":"max-snippet:-1","max-image-preview":"max-image-preview:large","max-video-preview":"max-video-preview:-1"},"canonical":"https:\/\/sklepz.pl\/zamow\/produkt\/pakiet-10-kredytow\/","og_locale":"pl_PL","og_type":"article","og_title":"Pakiet 10 Kredyt\u00f3w - Sklepz.pl","og_description":"Pakiet 10 Kredyt\u00f3w to szybki i wygodny spos\u00f3b na rozpocz\u0119cie pracy z funkcjami AI dost\u0119pnymi w Sklepz.pl oraz na platformie ConGen7.pl. Idealny dla os\u00f3b, kt\u00f3re chc\u0105 przetestowa\u0107 mo\u017cliwo\u015bci systemu bez wi\u0119kszego zaanga\u017cowania. Co mo\u017cesz zrobi\u0107 z 10 kredytami? generowa\u0107 opisy produkt\u00f3w i tytu\u0142y, tworzy\u0107 kr\u00f3tkie tre\u015bci marketingowe, parafrazowa\u0107 teksty, generowa\u0107 grafiki AI (text-to-image), modyfikowa\u0107 obrazy &hellip; Continue reading Pakiet 10 Kredyt\u00f3w","og_url":"https:\/\/sklepz.pl\/zamow\/produkt\/pakiet-10-kredytow\/","og_site_name":"Sklepz.pl","article_modified_time":"2026-02-16T11:27:40+00:00","og_image":[{"width":1024,"height":1024,"url":"https:\/\/sklepz.pl\/zamow\/wp-content\/uploads\/2025\/05\/pakiet-kredytow.jpg","type":"image\/jpeg"}],"twitter_card":"summary_large_image","twitter_misc":{"Szacowany czas czytania":"1 minuta"},"schema":{"@context":"https:\/\/schema.org","@graph":[{"@type":"WebPage","@id":"https:\/\/sklepz.pl\/zamow\/produkt\/pakiet-10-kredytow\/","url":"https:\/\/sklepz.pl\/zamow\/produkt\/pakiet-10-kredytow\/","name":"Pakiet 10 Kredyt\u00f3w - Sklepz.pl","isPartOf":{"@id":"https:\/\/sklepz.pl\/zamow\/#website"},"datePublished":"2025-05-19T10:57:05+00:00","dateModified":"2026-02-16T11:27:40+00:00","breadcrumb":{"@id":"https:\/\/sklepz.pl\/zamow\/produkt\/pakiet-10-kredytow\/#breadcrumb"},"inLanguage":"pl-PL","potentialAction":[{"@type":"ReadAction","target":["https:\/\/sklepz.pl\/zamow\/produkt\/pakiet-10-kredytow\/"]}]},{"@type":"BreadcrumbList","@id":"https:\/\/sklepz.pl\/zamow\/produkt\/pakiet-10-kredytow\/#breadcrumb","itemListElement":[{"@type":"ListItem","position":1,"name":"Strona g\u0142\u00f3wna","item":"https:\/\/sklepz.pl\/zamow\/"},{"@type":"ListItem","position":2,"name":"Sklep","item":"https:\/\/sklepz.pl\/zamow\/sklep\/"},{"@type":"ListItem","position":3,"name":"Pakiet 10 Kredyt\u00f3w"}]},{"@type":"WebSite","@id":"https:\/\/sklepz.pl\/zamow\/#website","url":"https:\/\/sklepz.pl\/zamow\/","name":"Sklepz.pl","description":"","potentialAction":[{"@type":"SearchAction","target":{"@type":"EntryPoint","urlTemplate":"https:\/\/sklepz.pl\/zamow\/?s={search_term_string}"},"query-input":"required name=search_term_string"}],"inLanguage":"pl-PL"}]}},"_links":{"self":[{"href":"https:\/\/sklepz.pl\/zamow\/wp-json\/wp\/v2\/product\/9116","targetHints":{"allow":["GET"]}}],"collection":[{"href":"https:\/\/sklepz.pl\/zamow\/wp-json\/wp\/v2\/product"}],"about":[{"href":"https:\/\/sklepz.pl\/zamow\/wp-json\/wp\/v2\/types\/product"}],"version-history":[{"count":3,"href":"https:\/\/sklepz.pl\/zamow\/wp-json\/wp\/v2\/product\/9116\/revisions"}],"predecessor-version":[{"id":9401,"href":"https:\/\/sklepz.pl\/zamow\/wp-json\/wp\/v2\/product\/9116\/revisions\/9401"}],"wp:featuredmedia":[{"embeddable":true,"href":"https:\/\/sklepz.pl\/zamow\/wp-json\/wp\/v2\/media\/9201"}],"wp:attachment":[{"href":"https:\/\/sklepz.pl\/zamow\/wp-json\/wp\/v2\/media?parent=9116"}],"wp:term":[{"taxonomy":"product_cat","embeddable":true,"href":"https:\/\/sklepz.pl\/zamow\/wp-json\/wp\/v2\/product_cat?post=9116"},{"taxonomy":"product_tag","embeddable":true,"href":"https:\/\/sklepz.pl\/zamow\/wp-json\/wp\/v2\/product_tag?post=9116"}],"curies":[{"name":"wp","href":"https:\/\/api.w.org\/{rel}","templated":true}]}}