{"id":3192,"date":"2019-11-25T09:44:14","date_gmt":"2019-11-25T09:44:14","guid":{"rendered":"https:\/\/el3.thembaydev.com\/besa2\/?page_id=3192"},"modified":"2025-05-11T01:59:10","modified_gmt":"2025-05-10T23:59:10","slug":"home-1","status":"publish","type":"page","link":"https:\/\/sklepz.pl\/zamow\/","title":{"rendered":"Wybierz pakiet"},"content":{"rendered":"\t\t<div data-elementor-type=\"wp-page\" data-elementor-id=\"3192\" class=\"elementor elementor-3192\">\n\t\t\t\t\t\t<section class=\"elementor-section elementor-top-section elementor-element elementor-element-274da88 elementor-section-stretched elementor-section-boxed elementor-section-height-default elementor-section-height-default\" data-id=\"274da88\" data-element_type=\"section\" data-settings=\"{&quot;stretch_section&quot;:&quot;section-stretched&quot;}\">\n\t\t\t\t\t\t<div class=\"elementor-container elementor-column-gap-default\">\n\t\t\t\t\t<div class=\"elementor-column elementor-col-100 elementor-top-column elementor-element elementor-element-88e6509\" data-id=\"88e6509\" data-element_type=\"column\">\n\t\t\t<div class=\"elementor-widget-wrap\">\n\t\t\t\t\t\t\t<\/div>\n\t\t<\/div>\n\t\t\t\t\t<\/div>\n\t\t<\/section>\n\t\t<div class=\"elementor-element elementor-element-750f3c7 e-flex e-con-boxed e-con e-parent\" data-id=\"750f3c7\" data-element_type=\"container\">\n\t\t\t\t\t<div class=\"e-con-inner\">\n\t\t\t\t<div class=\"elementor-element elementor-element-06982f9 elementor-widget elementor-widget-html\" data-id=\"06982f9\" data-element_type=\"widget\" data-widget_type=\"html.default\">\n\t\t\t\t<div class=\"elementor-widget-container\">\n\t\t\t\t<iframe class='sklep-dropshipping' style=\"border:0px; width:100%; min-height:1300px\" frameborder=\"0\" scrolling=\"no\" onload=\"resizeIframe(this)\" src=\"..\/..\/price.html\"><\/iframe>\t\t<\/div>\n\t\t\t\t<\/div>\n\t\t\t\t\t<\/div>\n\t\t\t\t<\/div>\n\t\t\t\t<section class=\"elementor-section elementor-top-section elementor-element elementor-element-ad05d66 elementor-section-stretched elementor-section-boxed elementor-section-height-default elementor-section-height-default\" data-id=\"ad05d66\" data-element_type=\"section\" data-settings=\"{&quot;stretch_section&quot;:&quot;section-stretched&quot;,&quot;background_background&quot;:&quot;classic&quot;}\">\n\t\t\t\t\t\t<div class=\"elementor-container elementor-column-gap-no\">\n\t\t\t\t\t<div class=\"elementor-column elementor-col-100 elementor-top-column elementor-element elementor-element-41d5aac\" data-id=\"41d5aac\" data-element_type=\"column\" data-settings=\"{&quot;background_background&quot;:&quot;classic&quot;}\">\n\t\t\t<div class=\"elementor-widget-wrap elementor-element-populated\">\n\t\t\t\t\t\t<div class=\"elementor-element elementor-element-55aa0b7 elementor-product-v1 elementor-widget elementor-widget-besa-products\" data-id=\"55aa0b7\" data-element_type=\"widget\" data-widget_type=\"besa-products.default\">\n\t\t\t\t<div class=\"elementor-widget-container\">\n\t\t\t\r\n<div class=\"tbay-element tbay-element-products products\">\r\n\r\n    \r\n     \r\n<div class=\"products row-1 owl-carousel scroll-init\" data-carousel=\"owl\" data-items=\"5\" data-desktopslick=\"5\" data-desktopsmallslick=\"4\" data-tabletslick=\"3\" data-landscapeslick=\"2\" data-mobileslick=\"2\" data-rows=\"1\" data-nav=\"1\" data-pagination=\"\" data-loop=\"\" data-auto=\"\" data-unslick=\"\">\r\n\r\n    \r\n        <div class=\"item\">\r\n\t\t\t \r\n            <div class=\"products-grid product add-to-wishlist-after_add_to_cart type-product post-8612 status-publish first instock product_cat-dropshipping has-post-thumbnail shipping-taxable purchasable product-type-simple\">\r\n\t\t\t\t<div class=\"product-block grid product v1\" data-product-id=\"8612\">\r\n\t\t\r\n\t\t\r\n\t<div class=\"product-content\">\r\n\t\t\t\t<div class=\"block-inner\">\r\n\t\t\t<figure class=\"image \">\r\n\t\t\t\t<a title=\"Sklep wersja Basic (12 miesi\u0119cy)\" href=\"https:\/\/sklepz.pl\/zamow\/produkt\/sklep-basic\/\" class=\"product-image\">\r\n\t\t\t\t\t<img fetchpriority=\"high\" decoding=\"async\" width=\"280\" height=\"280\" src=\"https:\/\/sklepz.pl\/zamow\/wp-content\/uploads\/2024\/11\/sklep_easy_1_v3-1-280x280.jpg\" class=\"image-no-effect\" alt=\"Sklep internetowy wersja 3 - Exclusive\" \/>\t\t\t\t<\/a>\r\n\r\n\t\t\t\t\t\t\t\t\t\t\t<div class=\"product-top\">\r\n\t\t\t\t\t\t\t\t\t\t\t\t\t\t\t<\/div>\r\n\t\t\t\t\t\t\r\n\t\t\t\t\t\t\t\t\t\t<\/figure>\r\n\t\t\t<div class=\"group-buttons\">\t\r\n\t\t\t\t<div class=\"add-cart\" title=\"Do koszyka\"><a href=\"?add-to-cart=8612\" aria-describedby=\"woocommerce_loop_add_to_cart_link_describedby_8612\" data-quantity=\"1\" class=\"button product_type_simple add_to_cart_button ajax_add_to_cart\" data-product_id=\"8612\" data-product_sku=\"\" aria-label=\"Add to cart: &ldquo;Sklep wersja Basic (12 miesi\u0119cy)&rdquo;\" rel=\"nofollow\"><i class=\"tb-icon tb-icon-zt-shopping-cart\"><\/i><span class=\"title-cart\">Do koszyka<\/span><\/a>\t<span id=\"woocommerce_loop_add_to_cart_link_describedby_8612\" class=\"screen-reader-text\">\r\n\t\t\t<\/span>\r\n<\/div>            <div class=\"tbay-quick-view\">\r\n                <a href=\"#\" class=\"qview-button\" title =\"Quick View\" data-effect=\"mfp-move-from-top\" data-product_id=\"8612\" data-toggle=\"modal\" data-target=\"#tbay-quickview-modal\">\r\n                    <i class=\"tb-icon tb-icon-zt-expand\"><\/i>\r\n                    <span>Quick View<\/span>\r\n                <\/a>\r\n            <\/div>\r\n            \t\t    <\/div>\r\n\t\t<\/div>\r\n\t\t\t\t\r\n\t\t\t\t\t\r\n\t\t<div class=\"caption\">\r\n\t\t\t\t\t\t\t\t\t\r\n\t\t\t        \r\n        <h3 class=\"name full_name\"><a href=\"https:\/\/sklepz.pl\/zamow\/produkt\/sklep-basic\/\">Sklep wersja Basic (12 miesi\u0119cy)<\/a><\/h3>\r\n        \t\t\t\t\t\t\r\n\t\t\t\t\t\t\t\t<div class=\"price-wrapper\">\r\n\t\t\t\t\t\t\n\t<span class=\"price\"><span class=\"woocommerce-Price-amount amount\"><bdi>1,188.00&nbsp;<span class=\"woocommerce-Price-currencySymbol\">&#122;&#322;<\/span><\/bdi><\/span><\/span>\n\t\t\t\t\t<\/div>\r\n\t\t\t\t\t \r\n\t\t\t\t\t<\/div>\r\n\t\t\t\t\t\t    <\/div>\r\n    \r\n\t\r\n\t\n<div\n\tclass=\"yith-wcwl-add-to-wishlist add-to-wishlist-8612  wishlist-fragment on-first-load\"\n\tdata-fragment-ref=\"8612\"\n\tdata-fragment-options=\"{&quot;base_url&quot;:&quot;&quot;,&quot;in_default_wishlist&quot;:false,&quot;is_single&quot;:false,&quot;show_exists&quot;:false,&quot;product_id&quot;:8612,&quot;parent_product_id&quot;:8612,&quot;product_type&quot;:&quot;simple&quot;,&quot;show_view&quot;:false,&quot;browse_wishlist_text&quot;:&quot;Browse wishlist&quot;,&quot;already_in_wishslist_text&quot;:&quot;&quot;,&quot;product_added_text&quot;:&quot;&quot;,&quot;heading_icon&quot;:&quot;fa-heart-o&quot;,&quot;available_multi_wishlist&quot;:false,&quot;disable_wishlist&quot;:false,&quot;show_count&quot;:false,&quot;ajax_loading&quot;:false,&quot;loop_position&quot;:&quot;after_add_to_cart&quot;,&quot;item&quot;:&quot;add_to_wishlist&quot;}\"\n>\n\t\t\t\n\t\t\t<!-- ADD TO WISHLIST -->\n\t\t\t\n<div class=\"yith-wcwl-add-button\">\n\t\t<a\n\t\thref=\"?add_to_wishlist=8612&#038;_wpnonce=126d884902\"\n\t\tclass=\"add_to_wishlist single_add_to_wishlist\"\n\t\tdata-product-id=\"8612\"\n\t\tdata-product-type=\"simple\"\n\t\tdata-original-product-id=\"8612\"\n\t\tdata-title=\"Add to wishlist\"\n\t\trel=\"nofollow\"\n\t>\n\t\t<i class=\"yith-wcwl-icon fa fa-heart-o\"><\/i>\t\t<span>Add to wishlist<\/span>\n\t<\/a>\n<\/div>\n\n\t\t\t<!-- COUNT TEXT -->\n\t\t\t\n\t\t\t<\/div>\n \r\n<\/div>\r\n\t\t\t<\/div>\r\n        <\/div>\r\n\r\n    \r\n        <div class=\"item\">\r\n\t\t\t \r\n            <div class=\"products-grid product add-to-wishlist-after_add_to_cart type-product post-8614 status-publish instock product_cat-dropshipping has-post-thumbnail shipping-taxable purchasable product-type-simple\">\r\n\t\t\t\t<div class=\"product-block grid product v1\" data-product-id=\"8614\">\r\n\t\t\r\n\t\t\r\n\t<div class=\"product-content\">\r\n\t\t\t\t<div class=\"block-inner\">\r\n\t\t\t<figure class=\"image \">\r\n\t\t\t\t<a title=\"Sklep Professional (24 miesi\u0105ce)\" href=\"https:\/\/sklepz.pl\/zamow\/produkt\/sklep-professional\/\" class=\"product-image\">\r\n\t\t\t\t\t<img fetchpriority=\"high\" decoding=\"async\" width=\"280\" height=\"280\" src=\"https:\/\/sklepz.pl\/zamow\/wp-content\/uploads\/2024\/11\/sklep_easy_1_v3-1-280x280.jpg\" class=\"image-no-effect\" alt=\"Sklep internetowy wersja 3 - Exclusive\" \/>\t\t\t\t<\/a>\r\n\r\n\t\t\t\t\t\t\t\t\t\t\t<div class=\"product-top\">\r\n\t\t\t\t\t\t\t\t\t\t\t\t\t\t\t<\/div>\r\n\t\t\t\t\t\t\r\n\t\t\t\t\t\t\t\t\t\t<\/figure>\r\n\t\t\t<div class=\"group-buttons\">\t\r\n\t\t\t\t<div class=\"add-cart\" title=\"Do koszyka\"><a href=\"?add-to-cart=8614\" aria-describedby=\"woocommerce_loop_add_to_cart_link_describedby_8614\" data-quantity=\"1\" class=\"button product_type_simple add_to_cart_button ajax_add_to_cart\" data-product_id=\"8614\" data-product_sku=\"\" aria-label=\"Add to cart: &ldquo;Sklep Professional (24 miesi\u0105ce)&rdquo;\" rel=\"nofollow\"><i class=\"tb-icon tb-icon-zt-shopping-cart\"><\/i><span class=\"title-cart\">Do koszyka<\/span><\/a>\t<span id=\"woocommerce_loop_add_to_cart_link_describedby_8614\" class=\"screen-reader-text\">\r\n\t\t\t<\/span>\r\n<\/div>            <div class=\"tbay-quick-view\">\r\n                <a href=\"#\" class=\"qview-button\" title =\"Quick View\" data-effect=\"mfp-move-from-top\" data-product_id=\"8614\" data-toggle=\"modal\" data-target=\"#tbay-quickview-modal\">\r\n                    <i class=\"tb-icon tb-icon-zt-expand\"><\/i>\r\n                    <span>Quick View<\/span>\r\n                <\/a>\r\n            <\/div>\r\n            \t\t    <\/div>\r\n\t\t<\/div>\r\n\t\t\t\t\r\n\t\t\t\t\t\r\n\t\t<div class=\"caption\">\r\n\t\t\t\t\t\t\t\t\t\r\n\t\t\t        \r\n        <h3 class=\"name full_name\"><a href=\"https:\/\/sklepz.pl\/zamow\/produkt\/sklep-professional\/\">Sklep Professional (24 miesi\u0105ce)<\/a><\/h3>\r\n        \t\t\t\t\t\t\r\n\t\t\t\t\t\t\t\t<div class=\"price-wrapper\">\r\n\t\t\t\t\t\t\n\t<span class=\"price\"><span class=\"woocommerce-Price-amount amount\"><bdi>1,899.00&nbsp;<span class=\"woocommerce-Price-currencySymbol\">&#122;&#322;<\/span><\/bdi><\/span><\/span>\n\t\t\t\t\t<\/div>\r\n\t\t\t\t\t \r\n\t\t\t\t\t<\/div>\r\n\t\t\t\t\t\t    <\/div>\r\n    \r\n\t\r\n\t\n<div\n\tclass=\"yith-wcwl-add-to-wishlist add-to-wishlist-8614  wishlist-fragment on-first-load\"\n\tdata-fragment-ref=\"8614\"\n\tdata-fragment-options=\"{&quot;base_url&quot;:&quot;&quot;,&quot;in_default_wishlist&quot;:false,&quot;is_single&quot;:false,&quot;show_exists&quot;:false,&quot;product_id&quot;:8614,&quot;parent_product_id&quot;:8614,&quot;product_type&quot;:&quot;simple&quot;,&quot;show_view&quot;:false,&quot;browse_wishlist_text&quot;:&quot;Browse wishlist&quot;,&quot;already_in_wishslist_text&quot;:&quot;&quot;,&quot;product_added_text&quot;:&quot;&quot;,&quot;heading_icon&quot;:&quot;fa-heart-o&quot;,&quot;available_multi_wishlist&quot;:false,&quot;disable_wishlist&quot;:false,&quot;show_count&quot;:false,&quot;ajax_loading&quot;:false,&quot;loop_position&quot;:&quot;after_add_to_cart&quot;,&quot;item&quot;:&quot;add_to_wishlist&quot;}\"\n>\n\t\t\t\n\t\t\t<!-- ADD TO WISHLIST -->\n\t\t\t\n<div class=\"yith-wcwl-add-button\">\n\t\t<a\n\t\thref=\"?add_to_wishlist=8614&#038;_wpnonce=126d884902\"\n\t\tclass=\"add_to_wishlist single_add_to_wishlist\"\n\t\tdata-product-id=\"8614\"\n\t\tdata-product-type=\"simple\"\n\t\tdata-original-product-id=\"8614\"\n\t\tdata-title=\"Add to wishlist\"\n\t\trel=\"nofollow\"\n\t>\n\t\t<i class=\"yith-wcwl-icon fa fa-heart-o\"><\/i>\t\t<span>Add to wishlist<\/span>\n\t<\/a>\n<\/div>\n\n\t\t\t<!-- COUNT TEXT -->\n\t\t\t\n\t\t\t<\/div>\n \r\n<\/div>\r\n\t\t\t<\/div>\r\n        <\/div>\r\n\r\n    \r\n        <div class=\"item\">\r\n\t\t\t \r\n            <div class=\"products-grid product add-to-wishlist-after_add_to_cart type-product post-8617 status-publish instock product_cat-dropshipping has-post-thumbnail shipping-taxable purchasable product-type-simple\">\r\n\t\t\t\t<div class=\"product-block grid product v1\" data-product-id=\"8617\">\r\n\t\t\r\n\t\t\r\n\t<div class=\"product-content\">\r\n\t\t\t\t<div class=\"block-inner\">\r\n\t\t\t<figure class=\"image \">\r\n\t\t\t\t<a title=\"Sklep wersja Exclusive (36 miesi\u0119cy)\" href=\"https:\/\/sklepz.pl\/zamow\/produkt\/exclusive-3-lata\/\" class=\"product-image\">\r\n\t\t\t\t\t<img fetchpriority=\"high\" decoding=\"async\" width=\"280\" height=\"280\" src=\"https:\/\/sklepz.pl\/zamow\/wp-content\/uploads\/2024\/11\/sklep_easy_1_v3-1-280x280.jpg\" class=\"image-no-effect\" alt=\"Sklep internetowy wersja 3 - Exclusive\" \/>\t\t\t\t<\/a>\r\n\r\n\t\t\t\t\t\t\t\t\t\t\t<div class=\"product-top\">\r\n\t\t\t\t\t\t\t\t\t\t\t\t\t\t\t<\/div>\r\n\t\t\t\t\t\t\r\n\t\t\t\t\t\t\t\t\t\t<\/figure>\r\n\t\t\t<div class=\"group-buttons\">\t\r\n\t\t\t\t<div class=\"add-cart\" title=\"Do koszyka\"><a href=\"?add-to-cart=8617\" aria-describedby=\"woocommerce_loop_add_to_cart_link_describedby_8617\" data-quantity=\"1\" class=\"button product_type_simple add_to_cart_button ajax_add_to_cart\" data-product_id=\"8617\" data-product_sku=\"\" aria-label=\"Add to cart: &ldquo;Sklep wersja Exclusive (36 miesi\u0119cy)&rdquo;\" rel=\"nofollow\"><i class=\"tb-icon tb-icon-zt-shopping-cart\"><\/i><span class=\"title-cart\">Do koszyka<\/span><\/a>\t<span id=\"woocommerce_loop_add_to_cart_link_describedby_8617\" class=\"screen-reader-text\">\r\n\t\t\t<\/span>\r\n<\/div>            <div class=\"tbay-quick-view\">\r\n                <a href=\"#\" class=\"qview-button\" title =\"Quick View\" data-effect=\"mfp-move-from-top\" data-product_id=\"8617\" data-toggle=\"modal\" data-target=\"#tbay-quickview-modal\">\r\n                    <i class=\"tb-icon tb-icon-zt-expand\"><\/i>\r\n                    <span>Quick View<\/span>\r\n                <\/a>\r\n            <\/div>\r\n            \t\t    <\/div>\r\n\t\t<\/div>\r\n\t\t\t\t\r\n\t\t\t\t\t\r\n\t\t<div class=\"caption\">\r\n\t\t\t\t\t\t\t\t\t\r\n\t\t\t        \r\n        <h3 class=\"name full_name\"><a href=\"https:\/\/sklepz.pl\/zamow\/produkt\/exclusive-3-lata\/\">Sklep wersja Exclusive (36 miesi\u0119cy)<\/a><\/h3>\r\n        \t\t\t\t\t\t\r\n\t\t\t\t\t\t\t\t<div class=\"price-wrapper\">\r\n\t\t\t\t\t\t\n\t<span class=\"price\"><span class=\"woocommerce-Price-amount amount\"><bdi>2,479.00&nbsp;<span class=\"woocommerce-Price-currencySymbol\">&#122;&#322;<\/span><\/bdi><\/span><\/span>\n\t\t\t\t\t<\/div>\r\n\t\t\t\t\t \r\n\t\t\t\t\t<\/div>\r\n\t\t\t\t\t\t    <\/div>\r\n    \r\n\t\r\n\t\n<div\n\tclass=\"yith-wcwl-add-to-wishlist add-to-wishlist-8617  wishlist-fragment on-first-load\"\n\tdata-fragment-ref=\"8617\"\n\tdata-fragment-options=\"{&quot;base_url&quot;:&quot;&quot;,&quot;in_default_wishlist&quot;:false,&quot;is_single&quot;:false,&quot;show_exists&quot;:false,&quot;product_id&quot;:8617,&quot;parent_product_id&quot;:8617,&quot;product_type&quot;:&quot;simple&quot;,&quot;show_view&quot;:false,&quot;browse_wishlist_text&quot;:&quot;Browse wishlist&quot;,&quot;already_in_wishslist_text&quot;:&quot;&quot;,&quot;product_added_text&quot;:&quot;&quot;,&quot;heading_icon&quot;:&quot;fa-heart-o&quot;,&quot;available_multi_wishlist&quot;:false,&quot;disable_wishlist&quot;:false,&quot;show_count&quot;:false,&quot;ajax_loading&quot;:false,&quot;loop_position&quot;:&quot;after_add_to_cart&quot;,&quot;item&quot;:&quot;add_to_wishlist&quot;}\"\n>\n\t\t\t\n\t\t\t<!-- ADD TO WISHLIST -->\n\t\t\t\n<div class=\"yith-wcwl-add-button\">\n\t\t<a\n\t\thref=\"?add_to_wishlist=8617&#038;_wpnonce=126d884902\"\n\t\tclass=\"add_to_wishlist single_add_to_wishlist\"\n\t\tdata-product-id=\"8617\"\n\t\tdata-product-type=\"simple\"\n\t\tdata-original-product-id=\"8617\"\n\t\tdata-title=\"Add to wishlist\"\n\t\trel=\"nofollow\"\n\t>\n\t\t<i class=\"yith-wcwl-icon fa fa-heart-o\"><\/i>\t\t<span>Add to wishlist<\/span>\n\t<\/a>\n<\/div>\n\n\t\t\t<!-- COUNT TEXT -->\n\t\t\t\n\t\t\t<\/div>\n \r\n<\/div>\r\n\t\t\t<\/div>\r\n        <\/div>\r\n\r\n     \r\n<\/div>\r\n\r\n    <\/div>\t\t<\/div>\n\t\t\t\t<\/div>\n\t\t\t\t\t<\/div>\n\t\t<\/div>\n\t\t\t\t\t<\/div>\n\t\t<\/section>\n\t\t\t\t<section class=\"elementor-section elementor-top-section elementor-element elementor-element-3db0ded elementor-section-stretched elementor-section-boxed elementor-section-height-default elementor-section-height-default\" data-id=\"3db0ded\" data-element_type=\"section\" data-settings=\"{&quot;stretch_section&quot;:&quot;section-stretched&quot;,&quot;background_background&quot;:&quot;classic&quot;}\">\n\t\t\t\t\t\t<div class=\"elementor-container elementor-column-gap-default\">\n\t\t\t\t\t<div class=\"elementor-column elementor-col-100 elementor-top-column elementor-element elementor-element-70e416b\" data-id=\"70e416b\" data-element_type=\"column\">\n\t\t\t<div class=\"elementor-widget-wrap\">\n\t\t\t\t\t\t\t<\/div>\n\t\t<\/div>\n\t\t\t\t\t<\/div>\n\t\t<\/section>\n\t\t\t\t<\/div>\n\t\t","protected":false},"excerpt":{"rendered":"<p>Do koszyka Quick View Sklep wersja Basic (12 miesi\u0119cy) 1,104.00&nbsp;&#122;&#322; Add to wishlist Do koszyka Quick View Sklep Professional (24 miesi\u0105ce) 1,650.00&nbsp;&#122;&#322; Add to wishlist Do koszyka Quick View Sklep wersja Exclusive (36 miesi\u0119cy) 2,099.00&nbsp;&#122;&#322; Add to wishlist<\/p>\n","protected":false},"author":1,"featured_media":0,"parent":0,"menu_order":0,"comment_status":"closed","ping_status":"closed","template":"","meta":{"footnotes":""},"class_list":["post-3192","page","type-page","status-publish","hentry"],"yoast_head":"<!-- This site is optimized with the Yoast SEO plugin v20.8 - https:\/\/yoast.com\/wordpress\/plugins\/seo\/ -->\n<title>Wybierz pakiet - Sklepz.pl<\/title>\n<meta name=\"robots\" content=\"index, follow, max-snippet:-1, max-image-preview:large, max-video-preview:-1\" \/>\n<link rel=\"canonical\" href=\"https:\/\/sklepz.pl\/zamow\/\" \/>\n<meta property=\"og:locale\" content=\"pl_PL\" \/>\n<meta property=\"og:type\" content=\"article\" \/>\n<meta property=\"og:title\" content=\"Wybierz pakiet - Sklepz.pl\" \/>\n<meta property=\"og:description\" content=\"Do koszyka Quick View Sklep wersja Basic (12 miesi\u0119cy) 1,104.00&nbsp;&#122;&#322; Add to wishlist Do koszyka Quick View Sklep Professional (24 miesi\u0105ce) 1,650.00&nbsp;&#122;&#322; Add to wishlist Do koszyka Quick View Sklep wersja Exclusive (36 miesi\u0119cy) 2,099.00&nbsp;&#122;&#322; Add to wishlist\" \/>\n<meta property=\"og:url\" content=\"https:\/\/sklepz.pl\/zamow\/\" \/>\n<meta property=\"og:site_name\" content=\"Sklepz.pl\" \/>\n<meta property=\"article:modified_time\" content=\"2025-05-10T23:59:10+00:00\" \/>\n<meta property=\"og:image\" content=\"https:\/\/sklepz.pl\/zamow\/wp-content\/uploads\/2024\/11\/sklep_easy_1_v3-1-280x280.jpg\" \/>\n<meta name=\"twitter:card\" content=\"summary_large_image\" \/>\n<meta name=\"twitter:label1\" content=\"Szacowany czas czytania\" \/>\n\t<meta name=\"twitter:data1\" content=\"1 minuta\" \/>\n<script type=\"application\/ld+json\" class=\"yoast-schema-graph\">{\"@context\":\"https:\/\/schema.org\",\"@graph\":[{\"@type\":\"WebPage\",\"@id\":\"https:\/\/sklepz.pl\/zamow\/\",\"url\":\"https:\/\/sklepz.pl\/zamow\/\",\"name\":\"Wybierz pakiet - Sklepz.pl\",\"isPartOf\":{\"@id\":\"https:\/\/sklepz.pl\/zamow\/#website\"},\"datePublished\":\"2019-11-25T09:44:14+00:00\",\"dateModified\":\"2025-05-10T23:59:10+00:00\",\"breadcrumb\":{\"@id\":\"https:\/\/sklepz.pl\/zamow\/#breadcrumb\"},\"inLanguage\":\"pl-PL\",\"potentialAction\":[{\"@type\":\"ReadAction\",\"target\":[\"https:\/\/sklepz.pl\/zamow\/\"]}]},{\"@type\":\"BreadcrumbList\",\"@id\":\"https:\/\/sklepz.pl\/zamow\/#breadcrumb\",\"itemListElement\":[{\"@type\":\"ListItem\",\"position\":1,\"name\":\"Strona g\u0142\u00f3wna\",\"item\":\"https:\/\/sklepz.pl\/zamow\/\"},{\"@type\":\"ListItem\",\"position\":2,\"name\":\"Wybierz pakiet\"}]},{\"@type\":\"WebSite\",\"@id\":\"https:\/\/sklepz.pl\/zamow\/#website\",\"url\":\"https:\/\/sklepz.pl\/zamow\/\",\"name\":\"Sklepz.pl\",\"description\":\"\",\"potentialAction\":[{\"@type\":\"SearchAction\",\"target\":{\"@type\":\"EntryPoint\",\"urlTemplate\":\"https:\/\/sklepz.pl\/zamow\/?s={search_term_string}\"},\"query-input\":\"required name=search_term_string\"}],\"inLanguage\":\"pl-PL\"}]}<\/script>\n<!-- \/ Yoast SEO plugin. -->","yoast_head_json":{"title":"Wybierz pakiet - Sklepz.pl","robots":{"index":"index","follow":"follow","max-snippet":"max-snippet:-1","max-image-preview":"max-image-preview:large","max-video-preview":"max-video-preview:-1"},"canonical":"https:\/\/sklepz.pl\/zamow\/","og_locale":"pl_PL","og_type":"article","og_title":"Wybierz pakiet - Sklepz.pl","og_description":"Do koszyka Quick View Sklep wersja Basic (12 miesi\u0119cy) 1,104.00&nbsp;&#122;&#322; Add to wishlist Do koszyka Quick View Sklep Professional (24 miesi\u0105ce) 1,650.00&nbsp;&#122;&#322; Add to wishlist Do koszyka Quick View Sklep wersja Exclusive (36 miesi\u0119cy) 2,099.00&nbsp;&#122;&#322; Add to wishlist","og_url":"https:\/\/sklepz.pl\/zamow\/","og_site_name":"Sklepz.pl","article_modified_time":"2025-05-10T23:59:10+00:00","og_image":[{"url":"https:\/\/sklepz.pl\/zamow\/wp-content\/uploads\/2024\/11\/sklep_easy_1_v3-1-280x280.jpg"}],"twitter_card":"summary_large_image","twitter_misc":{"Szacowany czas czytania":"1 minuta"},"schema":{"@context":"https:\/\/schema.org","@graph":[{"@type":"WebPage","@id":"https:\/\/sklepz.pl\/zamow\/","url":"https:\/\/sklepz.pl\/zamow\/","name":"Wybierz pakiet - Sklepz.pl","isPartOf":{"@id":"https:\/\/sklepz.pl\/zamow\/#website"},"datePublished":"2019-11-25T09:44:14+00:00","dateModified":"2025-05-10T23:59:10+00:00","breadcrumb":{"@id":"https:\/\/sklepz.pl\/zamow\/#breadcrumb"},"inLanguage":"pl-PL","potentialAction":[{"@type":"ReadAction","target":["https:\/\/sklepz.pl\/zamow\/"]}]},{"@type":"BreadcrumbList","@id":"https:\/\/sklepz.pl\/zamow\/#breadcrumb","itemListElement":[{"@type":"ListItem","position":1,"name":"Strona g\u0142\u00f3wna","item":"https:\/\/sklepz.pl\/zamow\/"},{"@type":"ListItem","position":2,"name":"Wybierz pakiet"}]},{"@type":"WebSite","@id":"https:\/\/sklepz.pl\/zamow\/#website","url":"https:\/\/sklepz.pl\/zamow\/","name":"Sklepz.pl","description":"","potentialAction":[{"@type":"SearchAction","target":{"@type":"EntryPoint","urlTemplate":"https:\/\/sklepz.pl\/zamow\/?s={search_term_string}"},"query-input":"required name=search_term_string"}],"inLanguage":"pl-PL"}]}},"_links":{"self":[{"href":"https:\/\/sklepz.pl\/zamow\/wp-json\/wp\/v2\/pages\/3192","targetHints":{"allow":["GET"]}}],"collection":[{"href":"https:\/\/sklepz.pl\/zamow\/wp-json\/wp\/v2\/pages"}],"about":[{"href":"https:\/\/sklepz.pl\/zamow\/wp-json\/wp\/v2\/types\/page"}],"author":[{"embeddable":true,"href":"https:\/\/sklepz.pl\/zamow\/wp-json\/wp\/v2\/users\/1"}],"replies":[{"embeddable":true,"href":"https:\/\/sklepz.pl\/zamow\/wp-json\/wp\/v2\/comments?post=3192"}],"version-history":[{"count":65,"href":"https:\/\/sklepz.pl\/zamow\/wp-json\/wp\/v2\/pages\/3192\/revisions"}],"predecessor-version":[{"id":9039,"href":"https:\/\/sklepz.pl\/zamow\/wp-json\/wp\/v2\/pages\/3192\/revisions\/9039"}],"wp:attachment":[{"href":"https:\/\/sklepz.pl\/zamow\/wp-json\/wp\/v2\/media?parent=3192"}],"curies":[{"name":"wp","href":"https:\/\/api.w.org\/{rel}","templated":true}]}}